{"id":171,"date":"2019-08-05T14:42:17","date_gmt":"2019-08-05T19:42:17","guid":{"rendered":"https:\/\/ryt.com.mx\/?post_type=product&#038;p=171"},"modified":"2019-08-06T13:13:13","modified_gmt":"2019-08-06T18:13:13","slug":"soccer-socks-basic","status":"publish","type":"product","link":"https:\/\/ryt.com.mx\/es\/producto\/soccer-socks-basic\/","title":{"rendered":"Para f\u00fatbol - b\u00e1sicos"},"content":{"rendered":"<p><a href=\"http:\/\/ryt.com.mx\/wp-content\/uploads\/2019\/08\/icon-softness.jpg\"><img decoding=\"async\" class=\"size-full wp-image-130 alignleft lazyload\" src=\"data:image\/gif;base64,R0lGODlhAQABAIAAAAAAAP\/\/\/yH5BAEAAAAALAAAAAABAAEAAAIBRAA7\" data-src=\"http:\/\/ryt.com.mx\/wp-content\/uploads\/2019\/08\/icon-softness.jpg\" alt=\"\" width=\"88\" height=\"88\" \/><noscript><img decoding=\"async\" class=\"size-full wp-image-130 alignleft lazyload\" src=\"http:\/\/ryt.com.mx\/wp-content\/uploads\/2019\/08\/icon-softness.jpg\" alt=\"\" width=\"88\" height=\"88\" \/><\/noscript><\/a><\/p>\n<p class=\"translation-block\"><strong>SUAVIDAD<\/strong><br>Fibras especiales en la tela otorgan suavidad y aumentan el confort.<\/p>\n<hr \/>\n<p><a href=\"http:\/\/ryt.com.mx\/wp-content\/uploads\/2019\/08\/icon-compression.jpg\"><img decoding=\"async\" class=\"wp-image-131 size-full alignleft lazyload\" src=\"data:image\/gif;base64,R0lGODlhAQABAIAAAAAAAP\/\/\/yH5BAEAAAAALAAAAAABAAEAAAIBRAA7\" data-src=\"http:\/\/ryt.com.mx\/wp-content\/uploads\/2019\/08\/icon-compression.jpg\" alt=\"\" width=\"88\" height=\"88\" \/><noscript><img loading=\"lazy\" decoding=\"async\" class=\"wp-image-131 size-full alignleft lazyload\" src=\"http:\/\/ryt.com.mx\/wp-content\/uploads\/2019\/08\/icon-compression.jpg\" alt=\"\" width=\"88\" height=\"88\" \/><\/noscript><\/a><\/p>\n<p class=\"translation-block\"><strong>COMPRESI\u00d3N<\/strong><br>Elasticidad que otorga un encaje perfecto, aumentando la comodidad de la prenda.<\/p>\n<hr \/>\n<p><a href=\"http:\/\/ryt.com.mx\/wp-content\/uploads\/2019\/08\/icon-padding-3.jpg\"><img loading=\"lazy\" decoding=\"async\" class=\"wp-image-156 size-full alignleft lazyload\" src=\"data:image\/gif;base64,R0lGODlhAQABAIAAAAAAAP\/\/\/yH5BAEAAAAALAAAAAABAAEAAAIBRAA7\" data-src=\"http:\/\/ryt.com.mx\/wp-content\/uploads\/2019\/08\/icon-padding-3.jpg\" alt=\"\" width=\"88\" height=\"120\" \/><noscript><img loading=\"lazy\" decoding=\"async\" class=\"wp-image-156 size-full alignleft lazyload\" src=\"http:\/\/ryt.com.mx\/wp-content\/uploads\/2019\/08\/icon-padding-3.jpg\" alt=\"\" width=\"88\" height=\"120\" \/><\/noscript><\/a><\/p>\n<p class=\"translation-block\"><strong>ACOJINADOS<\/strong><br>Ingenier\u00eda de tejido otorga colch\u00f3n que permite m\u00e1s protecci\u00f3n corporal sin sacrificar manejo de humedad o regulaci\u00f3n de temperatura.<\/p>\n<hr \/>\n<p><a href=\"http:\/\/ryt.com.mx\/wp-content\/uploads\/2019\/08\/icon-venting.jpg\"><img loading=\"lazy\" decoding=\"async\" class=\"wp-image-133 size-full alignleft lazyload\" src=\"data:image\/gif;base64,R0lGODlhAQABAIAAAAAAAP\/\/\/yH5BAEAAAAALAAAAAABAAEAAAIBRAA7\" data-src=\"http:\/\/ryt.com.mx\/wp-content\/uploads\/2019\/08\/icon-venting.jpg\" alt=\"\" width=\"88\" height=\"88\" \/><noscript><img loading=\"lazy\" decoding=\"async\" class=\"wp-image-133 size-full alignleft lazyload\" src=\"http:\/\/ryt.com.mx\/wp-content\/uploads\/2019\/08\/icon-venting.jpg\" alt=\"\" width=\"88\" height=\"88\" \/><\/noscript><\/a><\/p>\n<p class=\"translation-block\"><strong>VENTILACI\u00d3N<\/strong><br>El tejido especial expulsa el calor de lugares donde no pertenece.<\/p>","protected":false},"excerpt":{"rendered":"<p><a href=\"http:\/\/ryt.com.mx\/wp-content\/uploads\/2019\/08\/logo-xtremeforce.jpg\"><img loading=\"lazy\" decoding=\"async\" class=\"alignnone size-full wp-image-139\" src=\"http:\/\/ryt.com.mx\/wp-content\/uploads\/2019\/08\/logo-xtremeforce.jpg\" alt=\"\" width=\"200\" height=\"100\" \/><\/a><a href=\"http:\/\/ryt.com.mx\/wp-content\/uploads\/2019\/08\/logo-trmotion.jpg\"><img loading=\"lazy\" decoding=\"async\" class=\"alignnone wp-image-138 size-full\" src=\"http:\/\/ryt.com.mx\/wp-content\/uploads\/2019\/08\/logo-trmotion.jpg\" alt=\"\" width=\"200\" height=\"100\" \/><\/a><a href=\"http:\/\/ryt.com.mx\/wp-content\/uploads\/2019\/08\/logo-cotton.jpg\"><img loading=\"lazy\" decoding=\"async\" class=\"alignnone size-full wp-image-140\" src=\"http:\/\/ryt.com.mx\/wp-content\/uploads\/2019\/08\/logo-cotton.jpg\" alt=\"\" width=\"200\" height=\"100\" \/><\/a><a href=\"http:\/\/ryt.com.mx\/wp-content\/uploads\/2019\/08\/logo-lycra.jpg\"><img loading=\"lazy\" decoding=\"async\" class=\"alignnone size-full wp-image-141\" src=\"http:\/\/ryt.com.mx\/wp-content\/uploads\/2019\/08\/logo-lycra.jpg\" alt=\"\" width=\"200\" height=\"100\" \/><\/a><\/p>","protected":false},"featured_media":172,"comment_status":"open","ping_status":"closed","template":"","meta":[],"product_brand":[],"product_cat":[20,35],"product_tag":[],"class_list":{"0":"post-171","1":"product","2":"type-product","3":"status-publish","4":"has-post-thumbnail","6":"product_cat-hosiery","7":"product_cat-sport-socks","8":"pa_color-black","9":"pa_color-dark-gray","10":"pa_color-fashion-colors","11":"pa_color-navy","12":"pa_color-red","13":"pa_color-white","14":"pa_gender-men","15":"pa_gender-women","17":"first","18":"instock","19":"shipping-taxable","20":"product-type-simple"},"_links":{"self":[{"href":"https:\/\/ryt.com.mx\/es\/wp-json\/wp\/v2\/product\/171","targetHints":{"allow":["GET"]}}],"collection":[{"href":"https:\/\/ryt.com.mx\/es\/wp-json\/wp\/v2\/product"}],"about":[{"href":"https:\/\/ryt.com.mx\/es\/wp-json\/wp\/v2\/types\/product"}],"replies":[{"embeddable":true,"href":"https:\/\/ryt.com.mx\/es\/wp-json\/wp\/v2\/comments?post=171"}],"version-history":[{"count":1,"href":"https:\/\/ryt.com.mx\/es\/wp-json\/wp\/v2\/product\/171\/revisions"}],"predecessor-version":[{"id":173,"href":"https:\/\/ryt.com.mx\/es\/wp-json\/wp\/v2\/product\/171\/revisions\/173"}],"wp:featuredmedia":[{"embeddable":true,"href":"https:\/\/ryt.com.mx\/es\/wp-json\/wp\/v2\/media\/172"}],"wp:attachment":[{"href":"https:\/\/ryt.com.mx\/es\/wp-json\/wp\/v2\/media?parent=171"}],"wp:term":[{"taxonomy":"product_brand","embeddable":true,"href":"https:\/\/ryt.com.mx\/es\/wp-json\/wp\/v2\/product_brand?post=171"},{"taxonomy":"product_cat","embeddable":true,"href":"https:\/\/ryt.com.mx\/es\/wp-json\/wp\/v2\/product_cat?post=171"},{"taxonomy":"product_tag","embeddable":true,"href":"https:\/\/ryt.com.mx\/es\/wp-json\/wp\/v2\/product_tag?post=171"}],"curies":[{"name":"wp","href":"https:\/\/api.w.org\/{rel}","templated":true}]}}