{"id":259,"date":"2019-08-09T15:22:11","date_gmt":"2019-08-09T20:22:11","guid":{"rendered":"https:\/\/ryt.com.mx\/?page_id=259"},"modified":"2019-08-09T19:31:32","modified_gmt":"2019-08-10T00:31:32","slug":"history","status":"publish","type":"page","link":"https:\/\/ryt.com.mx\/es\/history\/","title":{"rendered":"Historia"},"content":{"rendered":"<div data-elementor-type=\"wp-post\" data-elementor-id=\"259\" class=\"elementor elementor-259\" data-elementor-post-type=\"page\">\n\t\t\t\t\t\t<section class=\"elementor-section elementor-top-section elementor-element elementor-element-eb1fb85 elementor-section-boxed elementor-section-height-default elementor-section-height-default\" data-id=\"eb1fb85\" data-element_type=\"section\">\n\t\t\t\t\t\t<div class=\"elementor-container elementor-column-gap-default\">\n\t\t\t\t\t<div class=\"elementor-column elementor-col-100 elementor-top-column elementor-element elementor-element-2dde9b2\" data-id=\"2dde9b2\" data-element_type=\"column\">\n\t\t\t<div class=\"elementor-widget-wrap elementor-element-populated\">\n\t\t\t\t\t\t<div class=\"elementor-element elementor-element-3becf7f elementor-widget elementor-widget-text-editor\" data-id=\"3becf7f\" data-element_type=\"widget\" data-widget_type=\"text-editor.default\">\n\t\t\t\t<div class=\"elementor-widget-container\">\n\t\t\t\t\t\t\t\t\t<p>GRUPO RYTSA naci\u00f3 en 1985, actualmente conformado por BONETERA RYT Industriales y Processos Alfa. La empresa comienza a operar con solo 10 m\u00e1quinas de fabricaci\u00f3n de tejer calcetines italianos RUMI de BRESCIA ITALIA. Para 1998, la compa\u00f1\u00eda se consolida como la persona moral que es hoy. En 2001, hab\u00eda 45 m\u00e1quinas de tejer totalmente informatizadas, marca MATEC de origen italiano. En 2003, despu\u00e9s de un proceso de crecimiento y renovaci\u00f3n de maquinaria, BONETERA RYT cuenta con 76 m\u00e1quinas con la mejor tecnolog\u00eda tambi\u00e9n totalmente informatizadas. Para 2005, se adquirieron 28 m\u00e1quinas m\u00e1s, para el tercer trimestre de ese mismo a\u00f1o hay un total de 104 m\u00e1quinas.<\/p>\t\t\t\t\t\t\t\t<\/div>\n\t\t\t\t<\/div>\n\t\t\t\t<div class=\"elementor-element elementor-element-89ecdef elementor-widget elementor-widget-image\" data-id=\"89ecdef\" data-element_type=\"widget\" data-widget_type=\"image.default\">\n\t\t\t\t<div class=\"elementor-widget-container\">\n\t\t\t\t\t\t\t\t\t\t\t\t\t\t\t<img fetchpriority=\"high\" decoding=\"async\" width=\"1024\" height=\"206\" src=\"data:image\/gif;base64,R0lGODlhAQABAIAAAAAAAP\/\/\/yH5BAEAAAAALAAAAAABAAEAAAIBRAA7\" data-src=\"https:\/\/ryt.com.mx\/wp-content\/uploads\/2019\/08\/history-img-1-1024x206.jpg\" class=\"attachment-large size-large wp-image-263 lazyload\" alt=\"\" data-srcset=\"https:\/\/ryt.com.mx\/wp-content\/uploads\/2019\/08\/history-img-1-1024x206.jpg 1024w, https:\/\/ryt.com.mx\/wp-content\/uploads\/2019\/08\/history-img-1-300x60.jpg 300w, https:\/\/ryt.com.mx\/wp-content\/uploads\/2019\/08\/history-img-1-768x154.jpg 768w, https:\/\/ryt.com.mx\/wp-content\/uploads\/2019\/08\/history-img-1-600x121.jpg 600w, https:\/\/ryt.com.mx\/wp-content\/uploads\/2019\/08\/history-img-1.jpg 1100w\" sizes=\"(max-width: 1024px) 100vw, 1024px\" \/><noscript><img decoding=\"async\" width=\"1024\" height=\"206\" src=\"https:\/\/ryt.com.mx\/wp-content\/uploads\/2019\/08\/history-img-1-1024x206.jpg\" class=\"attachment-large size-large wp-image-263 lazyload\" alt=\"\" srcset=\"https:\/\/ryt.com.mx\/wp-content\/uploads\/2019\/08\/history-img-1-1024x206.jpg 1024w, https:\/\/ryt.com.mx\/wp-content\/uploads\/2019\/08\/history-img-1-300x60.jpg 300w, https:\/\/ryt.com.mx\/wp-content\/uploads\/2019\/08\/history-img-1-768x154.jpg 768w, https:\/\/ryt.com.mx\/wp-content\/uploads\/2019\/08\/history-img-1-600x121.jpg 600w, https:\/\/ryt.com.mx\/wp-content\/uploads\/2019\/08\/history-img-1.jpg 1100w\" sizes=\"(max-width: 1024px) 100vw, 1024px\" \/><\/noscript>\t\t\t\t\t\t\t\t\t\t\t\t\t\t\t<\/div>\n\t\t\t\t<\/div>\n\t\t\t\t<div class=\"elementor-element elementor-element-9d486ad elementor-widget elementor-widget-text-editor\" data-id=\"9d486ad\" data-element_type=\"widget\" data-widget_type=\"text-editor.default\">\n\t\t\t\t<div class=\"elementor-widget-container\">\n\t\t\t\t\t\t\t\t\t<p>La aceptaci\u00f3n de nuestros productos nos llev\u00f3 a invertir en la adquisici\u00f3n de nueva maquinaria para satisfacer la demanda de nuestros clientes. Para el per\u00edodo entre 2006 y 2007, hay un crecimiento vertiginoso en el n\u00famero de m\u00e1quinas de 104 a 177 entre m\u00e1quinas de tejer, m\u00e1quinas de embarque y m\u00e1quinas de enlace. A partir de este a\u00f1o, se desarrolla la nueva planta de tejido circular de di\u00e1metro medio para la fabricaci\u00f3n de prendas y accesorios de invierno. Durante 2009, se form\u00f3 una nueva l\u00ednea de producci\u00f3n basada en tecnolog\u00eda plana sin costuras que pertenece a las m\u00e1quinas de tricotar de di\u00e1metro medio. Con este proyecto podr\u00edamos aumentar nuestra gama de productos que incluye ropa interior y prendas deportivas con tecnolog\u00eda semless. Para 2013 abrimos nuestra divisi\u00f3n de producci\u00f3n de toallas con los telares ITEMA m\u00e1s modernos del momento equipados con St\u00e4uli Jaquard electr\u00f3nico. En enero de 2016 ampliamos nuestra capacidad de producci\u00f3n en un 38% con la adquisici\u00f3n de nueva maquinaria para satisfacer las necesidades de nuestros clientes en la divisi\u00f3n de tejido de calcetines.<\/p>\t\t\t\t\t\t\t\t<\/div>\n\t\t\t\t<\/div>\n\t\t\t\t\t<\/div>\n\t\t<\/div>\n\t\t\t\t\t<\/div>\n\t\t<\/section>\n\t\t\t\t<section class=\"elementor-section elementor-top-section elementor-element elementor-element-61d1565 elementor-section-stretched elementor-section-boxed elementor-section-height-default elementor-section-height-default\" data-id=\"61d1565\" data-element_type=\"section\" data-settings=\"{&quot;stretch_section&quot;:&quot;section-stretched&quot;}\">\n\t\t\t\t\t\t<div class=\"elementor-container elementor-column-gap-default\">\n\t\t\t\t\t<div class=\"elementor-column elementor-col-50 elementor-top-column elementor-element elementor-element-b5e4a72\" data-id=\"b5e4a72\" data-element_type=\"column\" data-settings=\"{&quot;background_background&quot;:&quot;classic&quot;}\">\n\t\t\t<div class=\"elementor-widget-wrap elementor-element-populated\">\n\t\t\t\t\t\t<div class=\"elementor-element elementor-element-39c59d4 elementor-widget elementor-widget-heading\" data-id=\"39c59d4\" data-element_type=\"widget\" data-widget_type=\"heading.default\">\n\t\t\t\t<div class=\"elementor-widget-container\">\n\t\t\t\t\t<h2 class=\"elementor-heading-title elementor-size-default\">MISI\u00d3N<\/h2>\t\t\t\t<\/div>\n\t\t\t\t<\/div>\n\t\t\t\t<div class=\"elementor-element elementor-element-765dd26 elementor-widget elementor-widget-text-editor\" data-id=\"765dd26\" data-element_type=\"widget\" data-widget_type=\"text-editor.default\">\n\t\t\t\t<div class=\"elementor-widget-container\">\n\t\t\t\t\t\t\t\t\t<p>Reflejar nuestra pasi\u00f3n ofreciendo un concepto de moda, innovaci\u00f3n y tecnolog\u00eda en nuestras prendas que ofrezcan un estilo de vida incomparable.<\/p>\t\t\t\t\t\t\t\t<\/div>\n\t\t\t\t<\/div>\n\t\t\t\t\t<\/div>\n\t\t<\/div>\n\t\t\t\t<div class=\"elementor-column elementor-col-50 elementor-top-column elementor-element elementor-element-8370da8\" data-id=\"8370da8\" data-element_type=\"column\" data-settings=\"{&quot;background_background&quot;:&quot;classic&quot;}\">\n\t\t\t<div class=\"elementor-widget-wrap elementor-element-populated\">\n\t\t\t\t\t\t<div class=\"elementor-element elementor-element-4d33c3c elementor-widget elementor-widget-heading\" data-id=\"4d33c3c\" data-element_type=\"widget\" data-widget_type=\"heading.default\">\n\t\t\t\t<div class=\"elementor-widget-container\">\n\t\t\t\t\t<h2 class=\"elementor-heading-title elementor-size-default\">VISI\u00d3N<\/h2>\t\t\t\t<\/div>\n\t\t\t\t<\/div>\n\t\t\t\t<div class=\"elementor-element elementor-element-bcf7e14 elementor-widget elementor-widget-text-editor\" data-id=\"bcf7e14\" data-element_type=\"widget\" data-widget_type=\"text-editor.default\">\n\t\t\t\t<div class=\"elementor-widget-container\">\n\t\t\t\t\t\t\t\t\t<p>Consolidaci\u00f3n de nuestros productos en M\u00e9xico y el aparato internacional a los requerimientos globales, ofreciendo mejores alternativas en soluciones para la vida cotidiana.<\/p>\t\t\t\t\t\t\t\t<\/div>\n\t\t\t\t<\/div>\n\t\t\t\t\t<\/div>\n\t\t<\/div>\n\t\t\t\t\t<\/div>\n\t\t<\/section>\n\t\t\t\t<section class=\"elementor-section elementor-top-section elementor-element elementor-element-87a35a1 elementor-section-boxed elementor-section-height-default elementor-section-height-default\" data-id=\"87a35a1\" data-element_type=\"section\" data-settings=\"{&quot;background_background&quot;:&quot;classic&quot;}\">\n\t\t\t\t\t\t<div class=\"elementor-container elementor-column-gap-default\">\n\t\t\t\t\t<div class=\"elementor-column elementor-col-100 elementor-top-column elementor-element elementor-element-c9fdffd\" data-id=\"c9fdffd\" data-element_type=\"column\" data-settings=\"{&quot;background_background&quot;:&quot;classic&quot;}\">\n\t\t\t<div class=\"elementor-widget-wrap elementor-element-populated\">\n\t\t\t\t\t\t<div class=\"elementor-element elementor-element-cac9c52 elementor-widget elementor-widget-heading\" data-id=\"cac9c52\" data-element_type=\"widget\" data-widget_type=\"heading.default\">\n\t\t\t\t<div class=\"elementor-widget-container\">\n\t\t\t\t\t<h2 class=\"elementor-heading-title elementor-size-default\">VALORES<\/h2>\t\t\t\t<\/div>\n\t\t\t\t<\/div>\n\t\t\t\t<div class=\"elementor-element elementor-element-c27deba elementor-widget elementor-widget-text-editor\" data-id=\"c27deba\" data-element_type=\"widget\" data-widget_type=\"text-editor.default\">\n\t\t\t\t<div class=\"elementor-widget-container\">\n\t\t\t\t\t\t\t\t\t<p>Somos una organizaci\u00f3n sostenible. Agregamos un alto valor social, moral y econ\u00f3mico a los empleados, socios y accionistas. Siempre mantenemos la preferencia y superamos las expectativas de nuestros clientes. Comprometidos con la creaci\u00f3n de productos coloridos e innovadores. Congruencia en nuestra pasi\u00f3n por la calidad del servicio. Evoluci\u00f3n permanente en el posicionamiento de nuestras marcas corporativas y comerciales. Dedicado a la b\u00fasqueda e incorporaci\u00f3n permanente de talento. Comprometidos con el cuidado de la vida y el respeto al medio ambiente.<\/p>\t\t\t\t\t\t\t\t<\/div>\n\t\t\t\t<\/div>\n\t\t\t\t\t<\/div>\n\t\t<\/div>\n\t\t\t\t\t<\/div>\n\t\t<\/section>\n\t\t\t\t<\/div>","protected":false},"excerpt":{"rendered":"<p>GRUPO RYTSA was born in 1985, currently conformed by BONETERA RYT Industriales y Processos Alfa. The company begins operations with only 10 RUMI Italian socks knitting manufacturing machines from BRESCIA ITALIA. By 1998 the company is consolidated as the moral person it is today. By 2001, there were 45 fully computerized knitting machines, MATEC brand &#8230; <a title=\"Historia\" class=\"read-more\" href=\"https:\/\/ryt.com.mx\/es\/history\/\" aria-label=\"Leer m\u00e1s sobre History\">Read more<\/a><\/p>","protected":false},"author":1,"featured_media":0,"parent":0,"menu_order":0,"comment_status":"closed","ping_status":"closed","template":"","meta":{"footnotes":""},"class_list":["post-259","page","type-page","status-publish"],"_links":{"self":[{"href":"https:\/\/ryt.com.mx\/es\/wp-json\/wp\/v2\/pages\/259","targetHints":{"allow":["GET"]}}],"collection":[{"href":"https:\/\/ryt.com.mx\/es\/wp-json\/wp\/v2\/pages"}],"about":[{"href":"https:\/\/ryt.com.mx\/es\/wp-json\/wp\/v2\/types\/page"}],"author":[{"embeddable":true,"href":"https:\/\/ryt.com.mx\/es\/wp-json\/wp\/v2\/users\/1"}],"replies":[{"embeddable":true,"href":"https:\/\/ryt.com.mx\/es\/wp-json\/wp\/v2\/comments?post=259"}],"version-history":[{"count":5,"href":"https:\/\/ryt.com.mx\/es\/wp-json\/wp\/v2\/pages\/259\/revisions"}],"predecessor-version":[{"id":276,"href":"https:\/\/ryt.com.mx\/es\/wp-json\/wp\/v2\/pages\/259\/revisions\/276"}],"wp:attachment":[{"href":"https:\/\/ryt.com.mx\/es\/wp-json\/wp\/v2\/media?parent=259"}],"curies":[{"name":"wp","href":"https:\/\/api.w.org\/{rel}","templated":true}]}}